{"id":22,"date":"2024-05-23T09:48:28","date_gmt":"2024-05-23T09:48:28","guid":{"rendered":"https:\/\/designart.hqx.ovh\/?page_id=22"},"modified":"2024-05-23T09:48:28","modified_gmt":"2024-05-23T09:48:28","slug":"conditions-generales-dutilisation-de-designart","status":"publish","type":"page","link":"https:\/\/designart.hqx.ovh\/?page_id=22","title":{"rendered":"Conditions G\u00e9n\u00e9rales d&rsquo;Utilisation de DesignArt"},"content":{"rendered":"\n<h2 class=\"wp-block-heading\">Introduction<\/h2>\n\n\n\n<p>Bienvenue sur le site web de DesignArt. En acc\u00e9dant et en utilisant ce site, vous acceptez de vous conformer aux pr\u00e9sentes Conditions G\u00e9n\u00e9rales d&rsquo;Utilisation (CGU). Si vous n&rsquo;acceptez pas ces conditions, veuillez ne pas utiliser notre site.<\/p>\n\n\n\n<h2 class=\"wp-block-heading\">Utilisation du Site<\/h2>\n\n\n\n<h3 class=\"wp-block-heading\">Acc\u00e8s au Site<\/h3>\n\n\n\n<p>L&rsquo;acc\u00e8s au site <a href=\"http:\/\/www.designart.com\/\">www.designart.com<\/a> est gratuit. Les frais d&rsquo;acc\u00e8s et d&rsquo;utilisation du r\u00e9seau de t\u00e9l\u00e9communication sont \u00e0 la charge de l&rsquo;utilisateur, selon les modalit\u00e9s fix\u00e9es par ses fournisseurs d&rsquo;acc\u00e8s et op\u00e9rateurs de t\u00e9l\u00e9communication.<\/p>\n\n\n\n<h3 class=\"wp-block-heading\">Utilisation Permise<\/h3>\n\n\n\n<p>Vous vous engagez \u00e0 utiliser le site conform\u00e9ment aux pr\u00e9sentes CGU, aux lois et r\u00e8glements en vigueur, ainsi qu&rsquo;aux bonnes m\u0153urs. Il est interdit d&rsquo;utiliser ce site pour :<\/p>\n\n\n\n<ul class=\"wp-block-list\">\n<li>Transmettre du contenu illicite, mena\u00e7ant, diffamatoire, obsc\u00e8ne, ou autrement r\u00e9pr\u00e9hensible.<\/li>\n\n\n\n<li>Violer les droits de propri\u00e9t\u00e9 intellectuelle de tiers.<\/li>\n\n\n\n<li>Collecter ou stocker des donn\u00e9es personnelles concernant d&rsquo;autres utilisateurs sans leur consentement.<\/li>\n\n\n\n<li>Perturber ou interf\u00e9rer avec la s\u00e9curit\u00e9 ou le fonctionnement du site.<\/li>\n<\/ul>\n\n\n\n<h2 class=\"wp-block-heading\">Inscription et Compte Utilisateur<\/h2>\n\n\n\n<h3 class=\"wp-block-heading\">Cr\u00e9ation de Compte<\/h3>\n\n\n\n<p>Pour acc\u00e9der \u00e0 certains services, vous devrez cr\u00e9er un compte utilisateur en fournissant des informations exactes et compl\u00e8tes. Vous \u00eates responsable de la confidentialit\u00e9 de votre mot de passe et de toutes les activit\u00e9s qui se d\u00e9roulent sous votre compte.<\/p>\n\n\n\n<h3 class=\"wp-block-heading\">Suspension et R\u00e9siliation<\/h3>\n\n\n\n<p>DesignArt se r\u00e9serve le droit de suspendre ou de r\u00e9silier votre compte \u00e0 tout moment, sans pr\u00e9avis, en cas de violation des pr\u00e9sentes CGU ou de comportement jug\u00e9 inappropri\u00e9.<\/p>\n\n\n\n<h2 class=\"wp-block-heading\">Propri\u00e9t\u00e9 Intellectuelle<\/h2>\n\n\n\n<h3 class=\"wp-block-heading\">Contenu du Site<\/h3>\n\n\n\n<p>Tous les contenus pr\u00e9sents sur le site (textes, images, graphismes, logo, etc.) sont la propri\u00e9t\u00e9 exclusive de DesignArt ou de ses partenaires et sont prot\u00e9g\u00e9s par les lois sur la propri\u00e9t\u00e9 intellectuelle. Toute reproduction, repr\u00e9sentation, modification, publication, transmission, d\u00e9naturation, totale ou partielle du site ou de son contenu, par quelque proc\u00e9d\u00e9 que ce soit, est strictement interdite.<\/p>\n\n\n\n<h3 class=\"wp-block-heading\">Licence d&rsquo;Utilisation<\/h3>\n\n\n\n<p>En utilisant notre site, vous b\u00e9n\u00e9ficiez d&rsquo;une licence limit\u00e9e, non exclusive et non transf\u00e9rable pour acc\u00e9der et utiliser le site et son contenu \u00e0 des fins personnelles et non commerciales.<\/p>\n\n\n\n<h2 class=\"wp-block-heading\">Limitation de Responsabilit\u00e9<\/h2>\n\n\n\n<p>DesignArt met tout en \u0153uvre pour assurer l&rsquo;exactitude et la mise \u00e0 jour des informations diffus\u00e9es sur son site. Cependant, nous ne pouvons garantir que ces informations soient compl\u00e8tes, exactes, et \u00e0 jour. DesignArt ne pourra \u00eatre tenu responsable des erreurs ou omissions dans les informations fournies, ni des \u00e9ventuels dommages r\u00e9sultant de leur utilisation.<\/p>\n\n\n\n<h2 class=\"wp-block-heading\">Liens Hypertextes<\/h2>\n\n\n\n<p>Notre site peut contenir des liens hypertextes vers d&rsquo;autres sites web. DesignArt n&rsquo;exerce aucun contr\u00f4le sur ces sites et d\u00e9cline toute responsabilit\u00e9 quant \u00e0 leur contenu ou \u00e0 leur politique de confidentialit\u00e9.<\/p>\n\n\n\n<h2 class=\"wp-block-heading\">Modifications des CGU<\/h2>\n\n\n\n<p>DesignArt se r\u00e9serve le droit de modifier les pr\u00e9sentes CGU \u00e0 tout moment. Les modifications prendront effet d\u00e8s leur publication sur le site. Nous vous invitons \u00e0 consulter r\u00e9guli\u00e8rement cette page pour prendre connaissance des \u00e9ventuelles mises \u00e0 jour.<\/p>\n\n\n\n<h2 class=\"wp-block-heading\">Droit Applicable et Juridiction Comp\u00e9tente<\/h2>\n\n\n\n<p>Les pr\u00e9sentes CGU sont r\u00e9gies par le droit fran\u00e7ais. Tout litige relatif \u00e0 l&rsquo;utilisation du site sera soumis \u00e0 la comp\u00e9tence exclusive des tribunaux fran\u00e7ais.<\/p>\n\n\n\n<p>En utilisant notre site, vous acceptez les pr\u00e9sentes Conditions G\u00e9n\u00e9rales d&rsquo;Utilisation. Merci de votre confiance et bonne visite<\/p>\n","protected":false},"excerpt":{"rendered":"<p>Introduction Bienvenue sur le site web de DesignArt. En acc\u00e9dant et en utilisant ce site, vous acceptez de vous conformer aux pr\u00e9sentes Conditions G\u00e9n\u00e9rales d&rsquo;Utilisation (CGU). Si vous n&rsquo;acceptez pas ces conditions, veuillez ne pas utiliser notre site. Utilisation du Site Acc\u00e8s au Site L&rsquo;acc\u00e8s au site www.designart.com est gratuit. Les frais d&rsquo;acc\u00e8s et d&rsquo;utilisation [&hellip;]<\/p>\n","protected":false},"author":1,"featured_media":0,"parent":0,"menu_order":0,"comment_status":"closed","ping_status":"closed","template":"","meta":{"footnotes":""},"class_list":["post-22","page","type-page","status-publish","hentry"],"_links":{"self":[{"href":"https:\/\/designart.hqx.ovh\/index.php?rest_route=\/wp\/v2\/pages\/22","targetHints":{"allow":["GET"]}}],"collection":[{"href":"https:\/\/designart.hqx.ovh\/index.php?rest_route=\/wp\/v2\/pages"}],"about":[{"href":"https:\/\/designart.hqx.ovh\/index.php?rest_route=\/wp\/v2\/types\/page"}],"author":[{"embeddable":true,"href":"https:\/\/designart.hqx.ovh\/index.php?rest_route=\/wp\/v2\/users\/1"}],"replies":[{"embeddable":true,"href":"https:\/\/designart.hqx.ovh\/index.php?rest_route=%2Fwp%2Fv2%2Fcomments&post=22"}],"version-history":[{"count":1,"href":"https:\/\/designart.hqx.ovh\/index.php?rest_route=\/wp\/v2\/pages\/22\/revisions"}],"predecessor-version":[{"id":23,"href":"https:\/\/designart.hqx.ovh\/index.php?rest_route=\/wp\/v2\/pages\/22\/revisions\/23"}],"wp:attachment":[{"href":"https:\/\/designart.hqx.ovh\/index.php?rest_route=%2Fwp%2Fv2%2Fmedia&parent=22"}],"curies":[{"name":"wp","href":"https:\/\/api.w.org\/{rel}","templated":true}]}}