{"id":17,"date":"2024-05-23T09:38:41","date_gmt":"2024-05-23T09:38:41","guid":{"rendered":"https:\/\/designart.hqx.ovh\/?page_id=17"},"modified":"2024-05-23T09:38:41","modified_gmt":"2024-05-23T09:38:41","slug":"politique-de-confidentialite-de-designart","status":"publish","type":"page","link":"https:\/\/designart.hqx.ovh\/?page_id=17","title":{"rendered":"Politique de Confidentialit\u00e9 de DesignArt"},"content":{"rendered":"\n<div class=\"wp-block-group alignfull has-global-padding is-layout-constrained wp-container-core-group-is-layout-490fa1db wp-block-group-is-layout-constrained\" style=\"padding-top:var(--wp--preset--spacing--50);padding-right:var(--wp--preset--spacing--50);padding-bottom:var(--wp--preset--spacing--50);padding-left:var(--wp--preset--spacing--50)\">\n<div class=\"wp-block-group has-global-padding is-layout-constrained wp-container-core-group-is-layout-650790e1 wp-block-group-is-layout-constrained\">\n<h1 class=\"wp-block-heading has-text-align-center has-x-large-font-size\">Introduction<\/h1>\n\n\n\n<div style=\"height:1.25rem\" aria-hidden=\"true\" class=\"wp-block-spacer\"><\/div>\n\n\n\n<p class=\"has-text-align-center\">Chez DesignArt, nous accordons une grande importance \u00e0 la protection de vos donn\u00e9es personnelles. Cette politique de confidentialit\u00e9 explique comment nous collectons, utilisons, stockons et prot\u00e9geons vos informations conform\u00e9ment au R\u00e8glement G\u00e9n\u00e9ral sur la Protection des Donn\u00e9es (RGPD).<\/p>\n\n\n\n<div style=\"height:1.25rem\" aria-hidden=\"true\" class=\"wp-block-spacer\"><\/div>\n<\/div>\n\n\n\n<div style=\"height:var(--wp--preset--spacing--30)\" aria-hidden=\"true\" class=\"wp-block-spacer\"><\/div>\n<\/div>\n\n\n\n<div class=\"wp-block-group alignfull has-global-padding is-layout-constrained wp-container-core-group-is-layout-d89aad35 wp-block-group-is-layout-constrained\" style=\"margin-top:0;margin-bottom:0;padding-top:var(--wp--preset--spacing--50);padding-right:var(--wp--preset--spacing--50);padding-bottom:var(--wp--preset--spacing--50);padding-left:var(--wp--preset--spacing--50)\">\n<div class=\"wp-block-group alignwide has-global-padding is-layout-constrained wp-container-core-group-is-layout-19e250f3 wp-block-group-is-layout-constrained\">\n<div class=\"wp-block-group is-vertical is-content-justification-center is-layout-flex wp-container-core-group-is-layout-6329a8f3 wp-block-group-is-layout-flex\">\n<h2 class=\"wp-block-heading has-text-align-center is-style-asterisk\">Le responsable du traitement des donn\u00e9es personnelles collect\u00e9es sur ce site est : <strong>DesignArt<\/strong><\/h2>\n\n\n\n<p class=\"has-text-align-center\"><strong>T\u00e9l\u00e9phone :<\/strong>\u00a00489666112\u00a0<strong>Adresse :<\/strong>\u00a023 Rue des Ponts 1480 Tubize\u00a0<strong>Mail :<\/strong>\u00a0DesignArt (@) gmx.com<\/p>\n<\/div>\n\n\n\n<div style=\"height:var(--wp--preset--spacing--40)\" aria-hidden=\"true\" class=\"wp-block-spacer\"><\/div>\n\n\n\n<div class=\"wp-block-columns alignwide is-layout-flex wp-container-core-columns-is-layout-d1c656ed wp-block-columns-is-layout-flex\">\n<div class=\"wp-block-column is-layout-flow wp-block-column-is-layout-flow\">\n<h2 class=\"wp-block-heading\">Donn\u00e9es Collect\u00e9es<\/h2>\n\n\n\n<h3 class=\"wp-block-heading\">Types de Donn\u00e9es Collect\u00e9es<\/h3>\n\n\n\n<p>Nous pouvons collecter les types de donn\u00e9es personnelles suivants :<\/p>\n\n\n\n<ul class=\"wp-block-list\">\n<li><strong>Informations de contact :<\/strong> nom, adresse email, num\u00e9ro de t\u00e9l\u00e9phone, adresse postale.<\/li>\n\n\n\n<li><strong>Informations professionnelles :<\/strong> poste, entreprise, secteur d&rsquo;activit\u00e9.<\/li>\n\n\n\n<li><strong>Donn\u00e9es de navigation :<\/strong> adresse IP, type de navigateur, pages visit\u00e9es, temps pass\u00e9 sur le site, etc.<\/li>\n\n\n\n<li><strong>Donn\u00e9es de transaction :<\/strong> informations de paiement, historique des achats.<\/li>\n<\/ul>\n\n\n\n<h3 class=\"wp-block-heading\">M\u00e9thodes de Collecte<\/h3>\n\n\n\n<p>Les donn\u00e9es peuvent \u00eatre collect\u00e9es lorsque :<\/p>\n\n\n\n<ul class=\"wp-block-list\">\n<li>Vous remplissez un formulaire de contact ou d&rsquo;inscription.<\/li>\n\n\n\n<li>Vous effectuez un achat sur notre site.<\/li>\n\n\n\n<li>Vous vous abonnez \u00e0 notre newsletter.<\/li>\n\n\n\n<li>Vous naviguez sur notre site web.<\/li>\n<\/ul>\n\n\n\n<h2 class=\"wp-block-heading\">Utilisation des Donn\u00e9es<\/h2>\n\n\n\n<p>Les donn\u00e9es collect\u00e9es peuvent \u00eatre utilis\u00e9es pour :<\/p>\n\n\n\n<ul class=\"wp-block-list\">\n<li><strong>Fournir et g\u00e9rer nos services :<\/strong> traiter vos commandes, r\u00e9pondre \u00e0 vos demandes, et assurer le suivi client.<\/li>\n\n\n\n<li><strong>Am\u00e9liorer notre site et nos services :<\/strong> personnaliser votre exp\u00e9rience utilisateur et analyser l&rsquo;utilisation du site pour apporter des am\u00e9liorations.<\/li>\n\n\n\n<li><strong>Communication et marketing :<\/strong> vous envoyer des informations sur nos services, des promotions, et des mises \u00e0 jour importantes.<\/li>\n<\/ul>\n\n\n\n<h2 class=\"wp-block-heading\">Partage des Donn\u00e9es<\/h2>\n\n\n\n<p>DesignArt ne vend ni ne loue vos donn\u00e9es personnelles \u00e0 des tiers. Cependant, nous pouvons partager vos informations avec :<\/p>\n\n\n\n<ul class=\"wp-block-list\">\n<li><strong>Prestataires de services :<\/strong> des partenaires de confiance qui nous aident \u00e0 g\u00e9rer notre site web, \u00e0 traiter les paiements, et \u00e0 fournir nos services.<\/li>\n\n\n\n<li><strong>Obligations l\u00e9gales :<\/strong> lorsque cela est requis par la loi ou pour prot\u00e9ger nos droits.<\/li>\n<\/ul>\n\n\n\n<h2 class=\"wp-block-heading\">S\u00e9curit\u00e9 des Donn\u00e9es<\/h2>\n\n\n\n<p>Nous mettons en \u0153uvre des mesures de s\u00e9curit\u00e9 techniques et organisationnelles pour prot\u00e9ger vos donn\u00e9es contre toute destruction, perte, alt\u00e9ration, divulgation non autoris\u00e9e ou acc\u00e8s non autoris\u00e9.<\/p>\n\n\n\n<h2 class=\"wp-block-heading\">Conservation des Donn\u00e9es<\/h2>\n\n\n\n<p>Vos donn\u00e9es personnelles sont conserv\u00e9es aussi longtemps que n\u00e9cessaire pour les finalit\u00e9s pour lesquelles elles ont \u00e9t\u00e9 collect\u00e9es, et en conformit\u00e9 avec les exigences l\u00e9gales.<\/p>\n\n\n\n<h2 class=\"wp-block-heading\">Vos Droits<\/h2>\n\n\n\n<p>Conform\u00e9ment au RGPD, vous disposez des droits suivants concernant vos donn\u00e9es personnelles :<\/p>\n\n\n\n<ul class=\"wp-block-list\">\n<li><strong>Droit d&rsquo;acc\u00e8s :<\/strong> vous pouvez demander une copie des donn\u00e9es personnelles que nous d\u00e9tenons \u00e0 votre sujet.<\/li>\n\n\n\n<li><strong>Droit de rectification :<\/strong> vous pouvez demander \u00e0 ce que vos informations inexactes ou incompl\u00e8tes soient corrig\u00e9es.<\/li>\n\n\n\n<li><strong>Droit \u00e0 l&rsquo;effacement :<\/strong> vous pouvez demander la suppression de vos donn\u00e9es personnelles dans certaines circonstances.<\/li>\n\n\n\n<li><strong>Droit \u00e0 la limitation du traitement :<\/strong> vous pouvez demander la limitation du traitement de vos donn\u00e9es personnelles.<\/li>\n\n\n\n<li><strong>Droit d&rsquo;opposition :<\/strong> vous pouvez vous opposer au traitement de vos donn\u00e9es personnelles \u00e0 des fins de marketing direct.<\/li>\n\n\n\n<li><strong>Droit \u00e0 la portabilit\u00e9 des donn\u00e9es :<\/strong> vous pouvez demander \u00e0 recevoir vos donn\u00e9es personnelles dans un format structur\u00e9, couramment utilis\u00e9 et lisible par machine.<\/li>\n<\/ul>\n\n\n\n<p>Pour exercer ces droits, veuillez nous contacter \u00e0 l&rsquo;adresse email suivante : <a>privacy@designart.com<\/a>.<\/p>\n\n\n\n<h2 class=\"wp-block-heading\">Modifications de la Politique de Confidentialit\u00e9<\/h2>\n\n\n\n<p>DesignArt se r\u00e9serve le droit de modifier cette politique de confidentialit\u00e9 \u00e0 tout moment. Toute modification sera publi\u00e9e sur cette page avec une date de mise \u00e0 jour.<\/p>\n\n\n\n<h2 class=\"wp-block-heading\">Contact<\/h2>\n\n\n\n<p>Pour toute question concernant cette politique de confidentialit\u00e9 ou la mani\u00e8re dont nous traitons vos donn\u00e9es personnelles, veuillez nous contacter \u00e0 :<\/p>\n\n\n\n<p><strong>T\u00e9l\u00e9phone :<\/strong>\u00a00489666112\u00a0<strong>Adresse :<\/strong>\u00a023 Rue des Ponts 1480 Tubize\u00a0<strong>Mail :<\/strong>\u00a0DesignArt (@) gmx.com<\/p>\n<\/div>\n<\/div>\n\n\n\n<div style=\"height:var(--wp--preset--spacing--40)\" aria-hidden=\"true\" class=\"wp-block-spacer\"><\/div>\n\n\n\n<div class=\"wp-block-columns alignwide is-layout-flex wp-container-core-columns-is-layout-d1c656ed wp-block-columns-is-layout-flex\">\n<div class=\"wp-block-column is-layout-flow wp-block-column-is-layout-flow\" style=\"flex-basis:50%\">\n<figure class=\"wp-block-image size-full is-style-rounded is-style-rounded--1\"><img loading=\"lazy\" decoding=\"async\" width=\"523\" height=\"69\" src=\"https:\/\/designart.hqx.ovh\/wp-content\/uploads\/2024\/05\/logo-2.png\" alt=\"\" class=\"wp-image-10\" srcset=\"https:\/\/designart.hqx.ovh\/wp-content\/uploads\/2024\/05\/logo-2.png 523w, https:\/\/designart.hqx.ovh\/wp-content\/uploads\/2024\/05\/logo-2-300x40.png 300w\" sizes=\"auto, (max-width: 523px) 100vw, 523px\" \/><\/figure>\n<\/div>\n<\/div>\n<\/div>\n<\/div>\n","protected":false},"excerpt":{"rendered":"<p>Introduction Chez DesignArt, nous accordons une grande importance \u00e0 la protection de vos donn\u00e9es personnelles. Cette politique de confidentialit\u00e9 explique comment nous collectons, utilisons, stockons et prot\u00e9geons vos informations conform\u00e9ment au R\u00e8glement G\u00e9n\u00e9ral sur la Protection des Donn\u00e9es (RGPD). Le responsable du traitement des donn\u00e9es personnelles collect\u00e9es sur ce site est : DesignArt T\u00e9l\u00e9phone :\u00a00489666112\u00a0Adresse [&hellip;]<\/p>\n","protected":false},"author":1,"featured_media":0,"parent":0,"menu_order":0,"comment_status":"closed","ping_status":"closed","template":"","meta":{"footnotes":""},"class_list":["post-17","page","type-page","status-publish","hentry"],"_links":{"self":[{"href":"https:\/\/designart.hqx.ovh\/index.php?rest_route=\/wp\/v2\/pages\/17","targetHints":{"allow":["GET"]}}],"collection":[{"href":"https:\/\/designart.hqx.ovh\/index.php?rest_route=\/wp\/v2\/pages"}],"about":[{"href":"https:\/\/designart.hqx.ovh\/index.php?rest_route=\/wp\/v2\/types\/page"}],"author":[{"embeddable":true,"href":"https:\/\/designart.hqx.ovh\/index.php?rest_route=\/wp\/v2\/users\/1"}],"replies":[{"embeddable":true,"href":"https:\/\/designart.hqx.ovh\/index.php?rest_route=%2Fwp%2Fv2%2Fcomments&post=17"}],"version-history":[{"count":1,"href":"https:\/\/designart.hqx.ovh\/index.php?rest_route=\/wp\/v2\/pages\/17\/revisions"}],"predecessor-version":[{"id":18,"href":"https:\/\/designart.hqx.ovh\/index.php?rest_route=\/wp\/v2\/pages\/17\/revisions\/18"}],"wp:attachment":[{"href":"https:\/\/designart.hqx.ovh\/index.php?rest_route=%2Fwp%2Fv2%2Fmedia&parent=17"}],"curies":[{"name":"wp","href":"https:\/\/api.w.org\/{rel}","templated":true}]}}